{"id":81,"date":"2023-11-13T10:44:33","date_gmt":"2023-11-13T08:44:33","guid":{"rendered":"https:\/\/altamarbarcelona.com\/politica-de-cookies\/"},"modified":"2026-04-13T13:29:46","modified_gmt":"2026-04-13T11:29:46","slug":"politica-de-cookies","status":"publish","type":"page","link":"https:\/\/altamarbarcelona.com\/ca\/politica-de-cookies\/","title":{"rendered":"Pol\u00edtica de Cookies"},"content":{"rendered":"<p class=\"p1\">Las cookies o dispositivo de almacenamiento y recuperaci\u00f3n de datos, es un archivo enviado por una p\u00e1gina web en el navegador del usuario y que se almacena autom\u00e1ticamente en el terminal de este para que la p\u00e1gina web en cuesti\u00f3n pueda consultar la actividad previa del usuario y &#8220;reconocerlo&#8221;.<\/p>\n<p>&nbsp;<\/p>\n<p class=\"p1\">Las cookies pueden recordar otros tipos de informaci\u00f3n personal, como la contrase\u00f1a de un usuario, de modo que no tenga que volver a escribir cada vez que visita el mismo web, o sus preferencias en cuanto a la configuraci\u00f3n de la p\u00e1gina web.<\/p>\n<p>&nbsp;<\/p>\n<p class=\"p1\">Las cookies son esenciales para el funcionamiento de Internet, dado que aportan innumerables ventajas en la prestaci\u00f3n de servicios interactivos, facilitando la navegaci\u00f3n y la usabilidad de la web. Las cookies no pueden hacer da\u00f1o a su equipo, y tenerlas activadas ayuda a identificar y resolver errores.<\/p>\n<p>&nbsp;<\/p>\n<p class=\"p1\">Cookies utilizadas en nuestra p\u00e1gina web:<\/p>\n<ul class=\"ul1\">\n<li class=\"li1\">Cookies de sesi\u00f3n: Son un tipo de cookies dise\u00f1adas para captar y almacenar datos mientras el usuario accede a una p\u00e1gina web y caducan cuando termina la sesi\u00f3n. La informaci\u00f3n obtenida por medio de estas cookies sirve para analizar pautas de tr\u00e1fico en la web. A la larga, esto permite proporcionar una experiencia mejor para mejorar el contenido y facilitar su uso.<\/li>\n<li class=\"li1\">Cookies anal\u00edticas: Son las que permiten al responsable el seguimiento y el an\u00e1lisis del comportamiento de los usuarios de los sitios web a los que est\u00e1n vinculadas.<\/li>\n<\/ul>\n<p>&nbsp;<\/p>\n<p class=\"p1\">Esta web utiliza cookies anal\u00edticas para asegurar una mejor experiencia. Aplicaciones utilizadas:<\/p>\n<p class=\"p1\">Servei<span class=\"Apple-converted-space\">\u00a0 <\/span>Google Analytics<\/p>\n<p class=\"p1\">Prove\u00efdor<span class=\"Apple-converted-space\">\u00a0 <\/span>Google<\/p>\n<p class=\"p1\">M\u00e9s informaci\u00f3<span class=\"Apple-converted-space\">\u00a0 <\/span>http:\/\/www.google.es\/intl\/es\/policies\/ (1)<\/p>\n<p>&nbsp;<\/p>\n<p class=\"p1\">_utma: Google Analytics. La cookie genera un ID de usuario \u00fanico que registra la fecha, la primera vez que el usuario visita la web. Se utiliza para hacer recuento de las visitas del usuario en la web. Duraci\u00f3n<\/p>\n<p class=\"p1\">de 2 a\u00f1os<\/p>\n<p>_utmb: Google Analytics. Conocer el tiempo que el usuario permanece en la p\u00e1gina. Caduca a los 30 minutos desde la \u00faltima actualizaci\u00f3n. Se elimina a cambiar de web o cerrar el navegador<\/p>\n<p>_utmc: Google Analytics. Conocer el tiempo de visita del usuario en la web, en la que est\u00e1 instalado el c\u00f3digo de seguimiento urchin.js. Caduca cuando se cierra el explorador.<\/p>\n<p>.texto: Cookie t\u00e9cnica. Se encarga de conocer si se ha le\u00eddo la pol\u00edtica de cookies y se ha aceptado su uso. La informaci\u00f3n no aparecer\u00e1 en sucesivas visitas a la web. Caduca 365 d\u00edas despu\u00e9s de que el usuario acepte la pol\u00edtica de cookies<\/p>\n<p>_utmz: Google Analytics. Almacena el origen del visitante y el acceso que ha seguido. Ya sea empleando links o Adwords. Caduca a los 6 meses. La cookie se actualiza cada vez que se accede a la web<\/p>\n<p>&nbsp;<\/p>\n<p class=\"p1\">Todos los navegadores de Internet permiten limitar el comportamiento de una cookie o desactivarlas dentro de la configuraci\u00f3n o las opciones del navegador. Los pasos para hacerlo son diferentes para cada navegador. Puedes encontrar las instrucciones en el men\u00fa de ayuda del navegador.<\/p>\n<p>&nbsp;<\/p>\n<p class=\"p1\">Del mismo modo, el usuario puede activar, seg\u00fan el navegador utilizado, cualquiera de las siguientes opciones para limitar el alcance de las cookies instaladas o su funcionamiento. Navegaci\u00f3n privada, su navegador deja de guardar el historial de navegaci\u00f3n, contrase\u00f1as de sitios web y cookies.<\/p>\n<p>&nbsp;<\/p>\n<p class=\"p1\">Dependiendo de cada navegador, el modo privado puede tener diferentes nombres. A continuaci\u00f3n se puede encontrar una lista de los navegadores m\u00e1s comunes con un enlace a la configuraci\u00f3n de cookies y los diferentes nombres de este &#8220;modo privado&#8221;:<\/p>\n<p>&nbsp;<\/p>\n<p class=\"p1\">Internet Explorer 8 i superior; InPrivate<\/p>\n<p class=\"p1\">http:\/\/windows.microsoft.com\/es-es\/windows-vista\/block-or-allow-cookies<\/p>\n<p>&nbsp;<\/p>\n<p class=\"p1\">Safari 2 y superior; Navegaci\u00f3n Privada<\/p>\n<p class=\"p1\">http:\/\/support.apple.com\/kb\/ht1677?viewlocale=es_es&#038;locale=es_es<\/p>\n<p>&nbsp;<\/p>\n<p class=\"p1\">Opera 10.5 y superior; Navegaci\u00f3n Privada<\/p>\n<p class=\"p1\">http:\/\/help.opera.com\/Windows\/11.50\/es-ES\/cookies.html<\/p>\n<p>&nbsp;<\/p>\n<p class=\"p1\">FireFox 3.5 i superior; Navegaci\u00f3n Privada<\/p>\n<p class=\"p1\">http:\/\/support.mozilla.org\/es\/kb\/habilitar-y-deshabilitar-cookies-que-los-sitios-we<\/p>\n<p>&nbsp;<\/p>\n<p class=\"p1\">Google Chrome 10 y superior; Inc\u00f3gnito<\/p>\n<p class=\"p1\">https:\/\/support.google.com\/chrome\/answer\/95647?hl=es<\/p>\n<p>&nbsp;<\/p>\n<p>&nbsp;<\/p>\n<p class=\"p1\">Finalmente, le hacemos saber que tiene la posibilidad de revocar en cualquier momento el consentimiento prestado para la utilizaci\u00f3n de cookies por parte de <span class=\"s1\">TORRE DE ALTAMAR S.L., <\/span>configurando en este sentido su navegador en los t\u00e9rminos previstos en el punto anterior.<\/p>\n","protected":false},"excerpt":{"rendered":"<p>Las cookies o dispositivo de almacenamiento y recuperaci\u00f3n de datos, es un archivo enviado por una p\u00e1gina web en el navegador del usuario y que se almacena autom\u00e1ticamente en el terminal de este para que la p\u00e1gina web en cuesti\u00f3n pueda consultar la actividad previa del usuario y &#8220;reconocerlo&#8221;. &nbsp; Las cookies pueden recordar otros [&hellip;]<\/p>\n","protected":false},"author":1,"featured_media":0,"parent":0,"menu_order":19,"comment_status":"closed","ping_status":"closed","template":"app-templates\/page-legal.php","meta":{"_acf_changed":false,"footnotes":""},"class_list":["post-81","page","type-page","status-publish","hentry"],"acf":[],"_links":{"self":[{"href":"https:\/\/altamarbarcelona.com\/ca\/wp-json\/wp\/v2\/pages\/81","targetHints":{"allow":["GET"]}}],"collection":[{"href":"https:\/\/altamarbarcelona.com\/ca\/wp-json\/wp\/v2\/pages"}],"about":[{"href":"https:\/\/altamarbarcelona.com\/ca\/wp-json\/wp\/v2\/types\/page"}],"author":[{"embeddable":true,"href":"https:\/\/altamarbarcelona.com\/ca\/wp-json\/wp\/v2\/users\/1"}],"replies":[{"embeddable":true,"href":"https:\/\/altamarbarcelona.com\/ca\/wp-json\/wp\/v2\/comments?post=81"}],"version-history":[{"count":3,"href":"https:\/\/altamarbarcelona.com\/ca\/wp-json\/wp\/v2\/pages\/81\/revisions"}],"predecessor-version":[{"id":570,"href":"https:\/\/altamarbarcelona.com\/ca\/wp-json\/wp\/v2\/pages\/81\/revisions\/570"}],"wp:attachment":[{"href":"https:\/\/altamarbarcelona.com\/ca\/wp-json\/wp\/v2\/media?parent=81"}],"curies":[{"name":"wp","href":"https:\/\/api.w.org\/{rel}","templated":true}]}}