{"id":77,"date":"2023-11-13T10:44:09","date_gmt":"2023-11-13T08:44:09","guid":{"rendered":"https:\/\/altamarbarcelona.com\/aviso-legal\/"},"modified":"2026-04-13T13:01:50","modified_gmt":"2026-04-13T11:01:50","slug":"aviso-legal","status":"publish","type":"page","link":"https:\/\/altamarbarcelona.com\/ca\/aviso-legal\/","title":{"rendered":"Av\u00eds Legal"},"content":{"rendered":"<p>TORRE DE ALTAMAR S.L., amb domicili Passeig Joan de Borb\u00f3, 88, 08039, Barcelona, i NIF B62440805, \u00e9s titular de la p\u00e0gina web altamarbarcelona.com<\/p>\n<p>&nbsp;<\/p>\n<h2>Notes legals i condicions d&#8217;\u00fas<\/h2>\n<p>Les condicions d\u2019\u00fas, tenen la finalitat de facilitar a l&#8217;usuari informaci\u00f3 relativa a TORRE DE ALTAMAR S.L., les seves activitats i productes, not\u00edcies publicades, i les seves diferents \u00e0rees de negoci.<\/p>\n<p>altamarbarcelona.com t\u00e9 car\u00e0cter informatiu.<\/p>\n<p>&nbsp;<\/p>\n<p>Tant la navegaci\u00f3 com l&#8217;acc\u00e9s a la informaci\u00f3 publicada a altamarbarcelona.com suposen l&#8217;acceptaci\u00f3 com a usuari, sense reserves de cap mena, de totes i cadascuna d&#8217;aquestes condicions:<\/p>\n<p>&nbsp;<\/p>\n<p>TORRE DE ALTAMAR S.L. podr\u00e0 denegar l&#8217;acc\u00e9s al web als usuaris que facin un mal \u00fas dels continguts.<\/p>\n<p>L&#8217;usuari es compromet a fer un \u00fas diligent del web, com tamb\u00e9 de la informaci\u00f3 continguda.<\/p>\n<p>&nbsp;<\/p>\n<p>L&#8217;usuari t\u00e9 l\u2019obligaci\u00f3 a l&#8217;\u00fas exclusiu del web, i de tots els seus continguts, per a finalitats l\u00edcites i no prohibides, que no infringeixin la legalitat vigent i\/o puguin resultar lesives dels drets leg\u00edtims de TORRE DE ALTAMAR S.L. o d&#8217;un tercer i\/o que puguin causar danys o perjudicis de manera directa o indirecta.<\/p>\n<p>&nbsp;<\/p>\n<h2>Continguts i copyright<\/h2>\n<p>Tots els continguts que es publiquen a trav\u00e9s d\u2019aquest web, els textos, fotografies, gr\u00e0fics, imatges, icones, tecnologia, programari, links i altres continguts audiovisuals o sonors, com tamb\u00e9 el seu disseny gr\u00e0fic, codis font i qualsevol altre material s\u00f3n titularitat de TORRE DE ALTAMAR S.L. o de tercers que ens han autoritzat a utilitzar-los.<\/p>\n<p>&nbsp;<\/p>\n<p>L\u2019usuari es compromet a abstenir-se de: reproduir, copiar, distribuir, transformar o modificar els continguts. En aquest sentit, l&#8217;usuari no podr\u00e0 suprimir, manipular ni alterar de cap altra manera el &#8220;copyright&#8221; i altres dades identificatives de la reserva de drets de TORRE DE ALTAMAR S.L..<\/p>\n<p>&nbsp;<\/p>\n<p>L&#8217;usuari es compromet, a no transmetre, difondre o posar a disposici\u00f3 de tercers, informacions, dades, continguts, missatges, gr\u00e0fics, dibuixos, arxius de so i\/o imatge, fotografies, gravacions, software i, en general, qualsevol tipus de material propietat d&#8217;aquest web, com tamb\u00e9 a abstenir-se de realitzar actes que:<\/p>\n<ul>\n<li>Indueixin, incitin o promoguin actuacions delictives, difamat\u00f2ries, violentes o, en general, contr\u00e0ries a la llei.<\/li>\n<\/ul>\n<ul>\n<li>Constitueixin, si escau, publicitat il\u00b7l\u00edcita, enganyosa o deslleial i, en general, que constitueixin compet\u00e8ncia deslleial o vulnerin les normes reguladores de la protecci\u00f3 de dades de car\u00e0cter personal.<\/li>\n<\/ul>\n<ul>\n<li>Incorporin virus que puguin danyar o impedir el funcionament normal del web.<\/li>\n<\/ul>\n<p>L&#8217;usuari respondr\u00e0 dels danys i perjudicis de tot tipus que TORRE DE ALTAMAR S.L. pugui patir com a conseq\u00fc\u00e8ncia de l&#8217;incompliment de qualsevol de les obligacions.<\/p>\n<p>&nbsp;<\/p>\n<h2>Exoneraci\u00f3 de responsabilitat de TORRE DE ALTAMAR S.L.<\/h2>\n<p>TORRE DE ALTAMAR S.L. no assumir\u00e0 cap responsabilitat:<\/p>\n<ul>\n<li>Per la utilitzaci\u00f3 que els usuaris puguin fer dels materials d&#8217;aquest web, i\/o webs d&#8217;enlla\u00e7, ja siguin prohibits o permesos, en infracci\u00f3 dels drets de propietat intel\u00b7lectual i\/o industrial de continguts del web o de tercers.<\/li>\n<li>Pels danys i perjudicis als usuaris causats per un funcionament normal o anormal de les eines de cerca, de l&#8217;organitzaci\u00f3 o la localitzaci\u00f3 dels continguts. En general, dels errors o problemes que es generin en el desenvolupament o la instrumentaci\u00f3 dels elements t\u00e8cnics que el web faciliti a l&#8217;usuari.<\/li>\n<\/ul>\n<p>TORRE DE ALTAMAR S.L. no garanteix:<\/p>\n<ul>\n<li>Que l&#8217;acc\u00e9s al web, i\/o als webs d&#8217;enlla\u00e7 sigui ininterromput o doni error.<\/li>\n<\/ul>\n<ul>\n<li>Que el contingut al qual accedeixin els usuaris a trav\u00e9s del web, no contingui cap error o altres elements en els continguts que puguin produir alteracions en el seu sistema.<\/li>\n<\/ul>\n<p>La informaci\u00f3 continguda en el web ha de ser considerada pels usuaris com a divulgativa i orientadora, tant en relaci\u00f3 amb la seva finalitat com als seus efectes.<\/p>\n<p>&nbsp;<\/p>\n<h2>Pol\u00edtica de Privacitat: protecci\u00f3 de dades personals<\/h2>\n<p>Els usuaris es comprometen a navegar per la p\u00e0gina web i a utilitzar-ne el contingut de bona fe.<\/p>\n<p>&nbsp;<\/p>\n<p>En compliment d\u2019all\u00f2 que estableix la normativa de protecci\u00f3 de dades en vigor, com tamb\u00e9 el reglament Europeu de protecci\u00f3 de dades, li fem saber que les dades de car\u00e0cter personal incorporades per a l&#8217;emplenament de qualsevol formulari existent en aquest web, seran tractades amb la m\u00e0xima confidencialitat i formaran part dels fitxers propietat de (nom empresa S.L.) per a la seva gesti\u00f3 i per donar-hi resposta, com tamb\u00e9 per a la gesti\u00f3 comercial que els vinculi.<\/p>\n<p>&nbsp;<\/p>\n<p>Conforme a la legislaci\u00f3 vigent en mat\u00e8ria de protecci\u00f3 de dades, (nom empresa S.L.) ha adoptat els nivells de seguretat adequats a les dades facilitades pels usuaris i, a m\u00e9s, ha instal\u00b7lat tots els mitjans i mesures al seu abast per evitar la p\u00e8rdua, el mal \u00fas, l&#8217;alteraci\u00f3, l&#8217;acc\u00e9s no autoritzat i l&#8217;extracci\u00f3 de les mateixes.<\/p>\n<p>&nbsp;<\/p>\n<p>En qualsevol moment i segons estableix la normativa en vigor i l\u2019RGPD, els usuaris podran exercitar els drets d&#8217;acc\u00e9s, rectificaci\u00f3, supressi\u00f3, limitaci\u00f3 i portabilitat i oposici\u00f3 de les seves dades personals i revocar el consentiment per a les comunicacions comercials.<\/p>\n<p>&nbsp;<\/p>\n<h2>Utilitzaci\u00f3 de cookies<\/h2>\n<p>Per a la utilitzaci\u00f3 d&#8217;aquest web, \u00e9s necessari l&#8217;\u00fas de cookies i petits fitxers de dades. Les galetes s&#8217;utilitzen amb la finalitat de millorar el servei prestat per (nom empresa S.L.) i s\u00f3n acceptades per l&#8217;usuari en el moment d&#8217;accedir al web. En cap cas no s&#8217;emmagatzemar\u00e0 cap tipus d&#8217;informaci\u00f3 personal relativa als usuaris i tota la informaci\u00f3 obtinguda ser\u00e0 an\u00f2nima.<\/p>\n<p>&nbsp;<\/p>\n<p>Propietat intel\u00b7lectual i industrial<\/p>\n<p>(nom empresa S.L.) t\u00e9 tots els drets sobre el contingut, el disseny, el codi font del web, fotografies, imatges, textos, logos, dissenys, marques, noms comercials i dades que s&#8217;inclouen al web.<\/p>\n<p>&nbsp;<\/p>\n<p>Queda expressament prohibida la reproducci\u00f3 total o parcial del web, ni de cap dels seus continguts, sense el perm\u00eds (nom empresa S.L.)<\/p>\n<p>&nbsp;<\/p>\n<h2>Guia d\u2019\u00fas segur:<\/h2>\n<p>No utilitzi enlla\u00e7os incorporats en missatges de correu electr\u00f2nic o p\u00e0gines web de tercers per accedir a aquest web. Peri\u00f2dicament es detecten trameses de correus massius indiscriminats, des d&#8217;adreces electr\u00f2niques falses, amb l&#8217;\u00fanic objectiu d&#8217;aconseguir informaci\u00f3 confidencial dels usuaris. Aquesta t\u00e8cnica es coneix amb el nom de &#8220;PHISHING&#8221;. (nom empresa S.L.) declina qualsevol responsabilitat aliena a aquest respecte.<\/p>\n","protected":false},"excerpt":{"rendered":"<p>TORRE DE ALTAMAR S.L., amb domicili Passeig Joan de Borb\u00f3, 88, 08039, Barcelona, i NIF B62440805, \u00e9s titular de la p\u00e0gina web altamarbarcelona.com &nbsp; Notes legals i condicions d&#8217;\u00fas Les condicions d\u2019\u00fas, tenen la finalitat de facilitar a l&#8217;usuari informaci\u00f3 relativa a TORRE DE ALTAMAR S.L., les seves activitats i productes, not\u00edcies publicades, i les [&hellip;]<\/p>\n","protected":false},"author":1,"featured_media":0,"parent":0,"menu_order":23,"comment_status":"closed","ping_status":"closed","template":"app-templates\/page-legal.php","meta":{"_acf_changed":false,"footnotes":""},"class_list":["post-77","page","type-page","status-publish","hentry"],"acf":[],"_links":{"self":[{"href":"https:\/\/altamarbarcelona.com\/ca\/wp-json\/wp\/v2\/pages\/77","targetHints":{"allow":["GET"]}}],"collection":[{"href":"https:\/\/altamarbarcelona.com\/ca\/wp-json\/wp\/v2\/pages"}],"about":[{"href":"https:\/\/altamarbarcelona.com\/ca\/wp-json\/wp\/v2\/types\/page"}],"author":[{"embeddable":true,"href":"https:\/\/altamarbarcelona.com\/ca\/wp-json\/wp\/v2\/users\/1"}],"replies":[{"embeddable":true,"href":"https:\/\/altamarbarcelona.com\/ca\/wp-json\/wp\/v2\/comments?post=77"}],"version-history":[{"count":2,"href":"https:\/\/altamarbarcelona.com\/ca\/wp-json\/wp\/v2\/pages\/77\/revisions"}],"predecessor-version":[{"id":557,"href":"https:\/\/altamarbarcelona.com\/ca\/wp-json\/wp\/v2\/pages\/77\/revisions\/557"}],"wp:attachment":[{"href":"https:\/\/altamarbarcelona.com\/ca\/wp-json\/wp\/v2\/media?parent=77"}],"curies":[{"name":"wp","href":"https:\/\/api.w.org\/{rel}","templated":true}]}}